{"id":83,"date":"2025-07-08T10:14:37","date_gmt":"2025-07-08T07:14:37","guid":{"rendered":"https:\/\/amsi-976.com\/?post_type=product&#038;p=83"},"modified":"2026-04-08T15:43:02","modified_gmt":"2026-04-08T12:43:02","slug":"formation-heure","status":"publish","type":"product","link":"https:\/\/amsi-976.com\/index.php\/produit\/formation-heure\/","title":{"rendered":"Formation (heure)"},"content":{"rendered":"<p>Une heure de formation sur tous les sujets :<\/p>\n<ul>\n<li><strong>Informatique<\/strong> (<em>Initiation \u00e0 l&rsquo;informatique,\u00a0Bureautique, Windows, Linux, Infrastructure, R\u00e9seaux, Virtualisation, Programmation,\u00a0 Site Web, S\u00e9curit\u00e9 Informatique, Intelligence Artificiel, etc<\/em>) ;<\/li>\n<li><strong>Gestion et Organisation<\/strong> (<em>Processus Administratives, Planification, Communication, Projet, Budget, Achats, Ventes, Stock, March\u00e9s, Logistique, Production, Ressources Humaines, Qualit\u00e9, Risque, Mode D\u00e9grad\u00e9s, etc<\/em>) ;<\/li>\n<li><strong>Cybers\u00e9curit\u00e9<\/strong> (<em>Fondement DICT, Conformit\u00e9 R\u00e9glementaire, Gouvernance, Audits et Plan d&rsquo;Action, Risques, Sensibilisation, Gestion de Crise, Exercice de Crise, etc<\/em>) ;<\/li>\n<\/ul>\n","protected":false},"excerpt":{"rendered":"<p>Une heure de formation.<\/p>\n","protected":false},"featured_media":0,"comment_status":"open","ping_status":"closed","template":"","meta":[],"product_brand":[],"product_cat":[21],"product_tag":[22],"class_list":{"0":"post-83","1":"product","2":"type-product","3":"status-publish","5":"product_cat-formation-accompagnement","6":"product_tag-formation","8":"first","9":"instock","10":"virtual","11":"taxable","12":"purchasable","13":"product-type-simple"},"jetpack_sharing_enabled":true,"_links":{"self":[{"href":"https:\/\/amsi-976.com\/index.php\/wp-json\/wp\/v2\/product\/83","targetHints":{"allow":["GET"]}}],"collection":[{"href":"https:\/\/amsi-976.com\/index.php\/wp-json\/wp\/v2\/product"}],"about":[{"href":"https:\/\/amsi-976.com\/index.php\/wp-json\/wp\/v2\/types\/product"}],"replies":[{"embeddable":true,"href":"https:\/\/amsi-976.com\/index.php\/wp-json\/wp\/v2\/comments?post=83"}],"wp:attachment":[{"href":"https:\/\/amsi-976.com\/index.php\/wp-json\/wp\/v2\/media?parent=83"}],"wp:term":[{"taxonomy":"product_brand","embeddable":true,"href":"https:\/\/amsi-976.com\/index.php\/wp-json\/wp\/v2\/product_brand?post=83"},{"taxonomy":"product_cat","embeddable":true,"href":"https:\/\/amsi-976.com\/index.php\/wp-json\/wp\/v2\/product_cat?post=83"},{"taxonomy":"product_tag","embeddable":true,"href":"https:\/\/amsi-976.com\/index.php\/wp-json\/wp\/v2\/product_tag?post=83"}],"curies":[{"name":"wp","href":"https:\/\/api.w.org\/{rel}","templated":true}]}}